{"id":1097,"date":"2022-03-08T20:10:38","date_gmt":"2022-03-08T19:10:38","guid":{"rendered":"https:\/\/cairngold.de\/?page_id=1097"},"modified":"2022-03-09T15:52:31","modified_gmt":"2022-03-09T14:52:31","slug":"2022-2","status":"publish","type":"page","link":"https:\/\/cairngold.de\/index.php\/2022-2\/","title":{"rendered":"2022"},"content":{"rendered":"\t\t<div data-elementor-type=\"wp-page\" data-elementor-id=\"1097\" class=\"elementor elementor-1097\" data-elementor-settings=\"[]\">\n\t\t\t\t\t\t\t<div class=\"elementor-section-wrap\">\n\t\t\t\t\t\t\t<section class=\"elementor-section elementor-top-section elementor-element elementor-element-2301cc9 elementor-section-boxed elementor-section-height-default elementor-section-height-default\" data-id=\"2301cc9\" data-element_type=\"section\">\n\t\t\t\t\t\t<div class=\"elementor-container elementor-column-gap-default\">\n\t\t\t\t\t<div class=\"elementor-column elementor-col-100 elementor-top-column elementor-element elementor-element-61f03a1\" data-id=\"61f03a1\" data-element_type=\"column\">\n\t\t\t<div class=\"elementor-widget-wrap elementor-element-populated\">\n\t\t\t\t\t\t\t\t<div class=\"elementor-element elementor-element-35c63e3 elementor-widget elementor-widget-text-editor\" data-id=\"35c63e3\" data-element_type=\"widget\" data-widget_type=\"text-editor.default\">\n\t\t\t\t<div class=\"elementor-widget-container\">\n\t\t\t\t\t\t\t<h3>&nbsp; M\u00e4rz<\/h3>\n<p><strong>&nbsp; 05.03.2022: Herzlichen Gl\u00fcckwunsch an Heike mit Indaal und Astrid mit Finlay zur vorz\u00fcglich bzw. sehr gut bestandenen Dummy-A Pr\u00fcfung! Ich bin stolz auf euch!<\/strong><\/p>\n<p><strong>&nbsp; 02.03.2022: Heute vor 7 Jahren hat meine Shania 7 Welpen das Leben geschenkt und Cairngold&#8217;s A-Wurf wurde geboren!<\/strong> Herzlichen Gl\u00fcckwunsch an Booker, Riley, Alice, Hermine, Cailin,&nbsp; &nbsp; Tay und an meine Fay!<\/p>\n<h3>&nbsp; Januar<\/h3>\n<p><strong>&nbsp; 04.01.2022: Happy Birthday an Cairngold&#8217;s C-WurfAlles erdenklich Gute zum 3. Geburtstag an Merlin, Finlay, Connor, Madoc, Wicket, Angus, Caillen und Mey!<\/strong><\/p>\t\t\t\t\t\t<\/div>\n\t\t\t\t<\/div>\n\t\t\t\t\t<\/div>\n\t\t<\/div>\n\t\t\t\t\t\t\t<\/div>\n\t\t<\/section>\n\t\t\t\t\t\t<\/div>\n\t\t\t\t\t<\/div>\n\t\t","protected":false},"excerpt":{"rendered":"<p>&nbsp; M\u00e4rz &nbsp; 05.03.2022: Herzlichen Gl\u00fcckwunsch an Heike mit Indaal und Astrid mit Finlay zur vorz\u00fcglich bzw. sehr gut bestandenen Dummy-A Pr\u00fcfung! Ich bin &hellip; <a href=\"https:\/\/cairngold.de\/index.php\/2022-2\/\" class=\"readmore\">More <span class=\"screen-reader-text\">2022<\/span> &raquo;<\/a><\/p>\n","protected":false},"author":1,"featured_media":0,"parent":0,"menu_order":0,"comment_status":"closed","ping_status":"closed","template":"elementor_header_footer","meta":{"footnotes":""},"class_list":["post-1097","page","type-page","status-publish","hentry"],"_links":{"self":[{"href":"https:\/\/cairngold.de\/index.php\/wp-json\/wp\/v2\/pages\/1097","targetHints":{"allow":["GET"]}}],"collection":[{"href":"https:\/\/cairngold.de\/index.php\/wp-json\/wp\/v2\/pages"}],"about":[{"href":"https:\/\/cairngold.de\/index.php\/wp-json\/wp\/v2\/types\/page"}],"author":[{"embeddable":true,"href":"https:\/\/cairngold.de\/index.php\/wp-json\/wp\/v2\/users\/1"}],"replies":[{"embeddable":true,"href":"https:\/\/cairngold.de\/index.php\/wp-json\/wp\/v2\/comments?post=1097"}],"version-history":[{"count":19,"href":"https:\/\/cairngold.de\/index.php\/wp-json\/wp\/v2\/pages\/1097\/revisions"}],"predecessor-version":[{"id":1117,"href":"https:\/\/cairngold.de\/index.php\/wp-json\/wp\/v2\/pages\/1097\/revisions\/1117"}],"wp:attachment":[{"href":"https:\/\/cairngold.de\/index.php\/wp-json\/wp\/v2\/media?parent=1097"}],"curies":[{"name":"wp","href":"https:\/\/api.w.org\/{rel}","templated":true}]}}