{"id":133,"date":"2021-10-31T12:06:38","date_gmt":"2021-10-31T11:06:38","guid":{"rendered":"https:\/\/cairngold.de\/?page_id=133"},"modified":"2021-11-02T14:08:25","modified_gmt":"2021-11-02T13:08:25","slug":"a-wurf","status":"publish","type":"page","link":"https:\/\/cairngold.de\/index.php\/a-wurf\/","title":{"rendered":"A-Wurf"},"content":{"rendered":"\n<h4 class=\"wp-block-heading\">2 R\u00fcden und 5 H\u00fcndinnen<\/h4>\n\n\n\n<div class=\"wp-block-columns is-layout-flex wp-container-core-columns-is-layout-9d6595d7 wp-block-columns-is-layout-flex\">\n<div class=\"wp-block-column is-layout-flow wp-block-column-is-layout-flow\">\n<figure class=\"wp-block-image size-full\"><img loading=\"lazy\" decoding=\"async\" width=\"600\" height=\"400\" src=\"https:\/\/cairngold.de\/wp-content\/uploads\/2021\/10\/35944072.png\" alt=\"\" class=\"wp-image-106\" srcset=\"https:\/\/cairngold.de\/wp-content\/uploads\/2021\/10\/35944072.png 600w, https:\/\/cairngold.de\/wp-content\/uploads\/2021\/10\/35944072-300x200.png 300w\" sizes=\"auto, (max-width: 600px) 100vw, 600px\" \/><\/figure>\n\n\n\n<p>Bonniebrooks Cairn Shania (26. Mai 2010)<\/p>\n<\/div>\n\n\n\n<div class=\"wp-block-column is-layout-flow wp-block-column-is-layout-flow\">\n<figure class=\"wp-block-image size-full\"><img loading=\"lazy\" decoding=\"async\" width=\"600\" height=\"400\" src=\"https:\/\/cairngold.de\/wp-content\/uploads\/2021\/10\/35944077-1.jpg\" alt=\"\" class=\"wp-image-107\" srcset=\"https:\/\/cairngold.de\/wp-content\/uploads\/2021\/10\/35944077-1.jpg 600w, https:\/\/cairngold.de\/wp-content\/uploads\/2021\/10\/35944077-1-300x200.jpg 300w\" sizes=\"auto, (max-width: 600px) 100vw, 600px\" \/><\/figure>\n\n\n\n<p>Echobrook Dexster (19. August 2009)<\/p>\n<\/div>\n<\/div>\n\n\n\n<h4 class=\"wp-block-heading\">1) R\u00fcde blau &#8222;Applecross Riley&#8220;<\/h4>\n\n\n\n<p>Gesundheit: B2\/B2 ED 0\/0<\/p>\n\n\n\n<p>Besitzer: Sonja D\u00fcber \/ www.dueberweb.de<\/p>\n\n\n\n<figure class=\"wp-block-image size-full\"><img loading=\"lazy\" decoding=\"async\" width=\"600\" height=\"400\" src=\"https:\/\/cairngold.de\/wp-content\/uploads\/2021\/10\/41442654.jpg\" alt=\"\" class=\"wp-image-112\" srcset=\"https:\/\/cairngold.de\/wp-content\/uploads\/2021\/10\/41442654.jpg 600w, https:\/\/cairngold.de\/wp-content\/uploads\/2021\/10\/41442654-300x200.jpg 300w\" sizes=\"auto, (max-width: 600px) 100vw, 600px\" \/><\/figure>\n\n\n\n<div class=\"wp-block-columns is-layout-flex wp-container-core-columns-is-layout-9d6595d7 wp-block-columns-is-layout-flex\">\n<div class=\"wp-block-column is-layout-flow wp-block-column-is-layout-flow\">\n<figure class=\"wp-block-image size-full\"><img loading=\"lazy\" decoding=\"async\" width=\"600\" height=\"400\" src=\"https:\/\/cairngold.de\/wp-content\/uploads\/2021\/10\/41442649.jpg\" alt=\"\" class=\"wp-image-114\" srcset=\"https:\/\/cairngold.de\/wp-content\/uploads\/2021\/10\/41442649.jpg 600w, https:\/\/cairngold.de\/wp-content\/uploads\/2021\/10\/41442649-300x200.jpg 300w\" sizes=\"auto, (max-width: 600px) 100vw, 600px\" \/><\/figure>\n<\/div>\n\n\n\n<div class=\"wp-block-column is-layout-flow wp-block-column-is-layout-flow\">\n<figure class=\"wp-block-image size-full\"><img loading=\"lazy\" decoding=\"async\" width=\"600\" height=\"400\" src=\"https:\/\/cairngold.de\/wp-content\/uploads\/2021\/10\/36401522.jpg\" alt=\"\" class=\"wp-image-113\" srcset=\"https:\/\/cairngold.de\/wp-content\/uploads\/2021\/10\/36401522.jpg 600w, https:\/\/cairngold.de\/wp-content\/uploads\/2021\/10\/36401522-300x200.jpg 300w\" sizes=\"auto, (max-width: 600px) 100vw, 600px\" \/><\/figure>\n<\/div>\n<\/div>\n\n\n\n<h4 class=\"wp-block-heading\">2) H\u00fcndin rot &#8222;Alness Tay&#8220;<\/h4>\n\n\n\n<p>Gesundheit: A1\/A2 ED 0\/0<\/p>\n\n\n\n<p>Pr\u00fcfungen: APD\/A; BHP A\/B, WT; Workingtests A<\/p>\n\n\n\n<p>Formwert: sehr gut<\/p>\n\n\n\n<p>Besitzer: Eric Bieber<\/p>\n\n\n\n<figure class=\"wp-block-image size-full\"><img loading=\"lazy\" decoding=\"async\" width=\"600\" height=\"400\" src=\"https:\/\/cairngold.de\/wp-content\/uploads\/2021\/10\/41442959.jpg\" alt=\"\" class=\"wp-image-118\" srcset=\"https:\/\/cairngold.de\/wp-content\/uploads\/2021\/10\/41442959.jpg 600w, https:\/\/cairngold.de\/wp-content\/uploads\/2021\/10\/41442959-300x200.jpg 300w\" sizes=\"auto, (max-width: 600px) 100vw, 600px\" \/><\/figure>\n\n\n\n<h4 class=\"wp-block-heading\">3) H\u00fcndin orange &#8222;Aviemore Hermione&#8220;<\/h4>\n\n\n\n<p>Gesundheit: B2\/A2 ED 0\/0<\/p>\n\n\n\n<p>Pr\u00fcfungen: WT, APD\/A, BHP, Workingtest A<\/p>\n\n\n\n<p>Besitzer: Katharina Wu\u00dfler<\/p>\n\n\n\n<div class=\"wp-block-columns is-layout-flex wp-container-core-columns-is-layout-9d6595d7 wp-block-columns-is-layout-flex\">\n<div class=\"wp-block-column is-layout-flow wp-block-column-is-layout-flow\">\n<figure class=\"wp-block-image size-full\"><img loading=\"lazy\" decoding=\"async\" width=\"600\" height=\"393\" src=\"https:\/\/cairngold.de\/wp-content\/uploads\/2021\/10\/41961259.jpg\" alt=\"\" class=\"wp-image-119\" srcset=\"https:\/\/cairngold.de\/wp-content\/uploads\/2021\/10\/41961259.jpg 600w, https:\/\/cairngold.de\/wp-content\/uploads\/2021\/10\/41961259-300x197.jpg 300w\" sizes=\"auto, (max-width: 600px) 100vw, 600px\" \/><\/figure>\n<\/div>\n\n\n\n<div class=\"wp-block-column is-layout-flow wp-block-column-is-layout-flow\">\n<figure class=\"wp-block-image size-full\"><img loading=\"lazy\" decoding=\"async\" width=\"600\" height=\"400\" src=\"https:\/\/cairngold.de\/wp-content\/uploads\/2021\/10\/36401534.jpg\" alt=\"\" class=\"wp-image-120\" srcset=\"https:\/\/cairngold.de\/wp-content\/uploads\/2021\/10\/36401534.jpg 600w, https:\/\/cairngold.de\/wp-content\/uploads\/2021\/10\/36401534-300x200.jpg 300w\" sizes=\"auto, (max-width: 600px) 100vw, 600px\" \/><\/figure>\n<\/div>\n<\/div>\n\n\n\n<h4 class=\"wp-block-heading\">4) R\u00fcde gr\u00fcn &#8222;Ardmore Booker&#8220;<\/h4>\n\n\n\n<p>Gesundheit: D1\/B2 ED 0\/0<\/p>\n\n\n\n<p>Pr\u00fcfungen: APD\/A, WT, JPR, Workingtests A, F<\/p>\n\n\n\n<p>Mock Trial (Novice)<\/p>\n\n\n\n<p>Besitzer: Ute Walcher<\/p>\n\n\n\n<div class=\"wp-block-columns is-layout-flex wp-container-core-columns-is-layout-9d6595d7 wp-block-columns-is-layout-flex\">\n<div class=\"wp-block-column is-layout-flow wp-block-column-is-layout-flow\">\n<figure class=\"wp-block-image size-full\"><img loading=\"lazy\" decoding=\"async\" width=\"600\" height=\"432\" src=\"https:\/\/cairngold.de\/wp-content\/uploads\/2021\/10\/41961284.jpg\" alt=\"\" class=\"wp-image-121\" srcset=\"https:\/\/cairngold.de\/wp-content\/uploads\/2021\/10\/41961284.jpg 600w, https:\/\/cairngold.de\/wp-content\/uploads\/2021\/10\/41961284-300x216.jpg 300w\" sizes=\"auto, (max-width: 600px) 100vw, 600px\" \/><\/figure>\n<\/div>\n\n\n\n<div class=\"wp-block-column is-layout-flow wp-block-column-is-layout-flow\">\n<figure class=\"wp-block-image size-full\"><img loading=\"lazy\" decoding=\"async\" width=\"300\" height=\"450\" src=\"https:\/\/cairngold.de\/wp-content\/uploads\/2021\/10\/41443029-1.jpg\" alt=\"\" class=\"wp-image-122\" srcset=\"https:\/\/cairngold.de\/wp-content\/uploads\/2021\/10\/41443029-1.jpg 300w, https:\/\/cairngold.de\/wp-content\/uploads\/2021\/10\/41443029-1-200x300.jpg 200w\" sizes=\"auto, (max-width: 300px) 100vw, 300px\" \/><\/figure>\n<\/div>\n<\/div>\n\n\n\n<h4 class=\"wp-block-heading\">5) H\u00fcndin wei\u00df &#8222;Aberdeen Fay&#8220;<\/h4>\n\n\n\n<p>Gesundheit: A1\/A1 ED 0\/0<\/p>\n\n\n\n<p>Pr\u00fcfungen: BHP\/A, APD\/A, APD\/F, WT, JPR, BLP, Workingtests A, F, O<\/p>\n\n\n\n<p>Mock Trial (Novice)<\/p>\n\n\n\n<p>Formwert: sehr gut<\/p>\n\n\n\n<p>Besitzer: Tanja K\u00f6der<\/p>\n\n\n\n<figure class=\"wp-block-image size-full\"><img loading=\"lazy\" decoding=\"async\" width=\"600\" height=\"400\" src=\"https:\/\/cairngold.de\/wp-content\/uploads\/2021\/10\/41442714.jpg\" alt=\"\" class=\"wp-image-123\" srcset=\"https:\/\/cairngold.de\/wp-content\/uploads\/2021\/10\/41442714.jpg 600w, https:\/\/cairngold.de\/wp-content\/uploads\/2021\/10\/41442714-300x200.jpg 300w\" sizes=\"auto, (max-width: 600px) 100vw, 600px\" \/><\/figure>\n\n\n\n<div class=\"wp-block-columns is-layout-flex wp-container-core-columns-is-layout-9d6595d7 wp-block-columns-is-layout-flex\">\n<div class=\"wp-block-column is-layout-flow wp-block-column-is-layout-flow\">\n<figure class=\"wp-block-image size-full\"><img loading=\"lazy\" decoding=\"async\" width=\"600\" height=\"400\" src=\"https:\/\/cairngold.de\/wp-content\/uploads\/2021\/10\/41442694.jpg\" alt=\"\" class=\"wp-image-124\" srcset=\"https:\/\/cairngold.de\/wp-content\/uploads\/2021\/10\/41442694.jpg 600w, https:\/\/cairngold.de\/wp-content\/uploads\/2021\/10\/41442694-300x200.jpg 300w\" sizes=\"auto, (max-width: 600px) 100vw, 600px\" \/><\/figure>\n<\/div>\n\n\n\n<div class=\"wp-block-column is-layout-flow wp-block-column-is-layout-flow\">\n<figure class=\"wp-block-image size-full\"><img loading=\"lazy\" decoding=\"async\" width=\"600\" height=\"420\" src=\"https:\/\/cairngold.de\/wp-content\/uploads\/2021\/10\/41961304.jpg\" alt=\"\" class=\"wp-image-125\" srcset=\"https:\/\/cairngold.de\/wp-content\/uploads\/2021\/10\/41961304.jpg 600w, https:\/\/cairngold.de\/wp-content\/uploads\/2021\/10\/41961304-300x210.jpg 300w\" sizes=\"auto, (max-width: 600px) 100vw, 600px\" \/><\/figure>\n<\/div>\n<\/div>\n\n\n\n<h4 class=\"wp-block-heading\">6) H\u00fcndin gelb &#8222;Allington Cailin&#8220;<\/h4>\n\n\n\n<p>Gesundheit: A1\/A1 ED 0\/0<\/p>\n\n\n\n<p>Pr\u00fcfungen: WT, APD\/A, JPR, BHP A\/B, Workingtests A<\/p>\n\n\n\n<p>Besitzer: Monika Burger (unten H\u00fcndin links im Bild, rechts Tay)<\/p>\n\n\n\n<div class=\"wp-block-columns is-layout-flex wp-container-core-columns-is-layout-9d6595d7 wp-block-columns-is-layout-flex\">\n<div class=\"wp-block-column is-layout-flow wp-block-column-is-layout-flow\">\n<figure class=\"wp-block-image size-full\"><img loading=\"lazy\" decoding=\"async\" width=\"600\" height=\"399\" src=\"https:\/\/cairngold.de\/wp-content\/uploads\/2021\/10\/41442934.jpg\" alt=\"\" class=\"wp-image-127\" srcset=\"https:\/\/cairngold.de\/wp-content\/uploads\/2021\/10\/41442934.jpg 600w, https:\/\/cairngold.de\/wp-content\/uploads\/2021\/10\/41442934-300x200.jpg 300w\" sizes=\"auto, (max-width: 600px) 100vw, 600px\" \/><\/figure>\n<\/div>\n\n\n\n<div class=\"wp-block-column is-layout-flow wp-block-column-is-layout-flow\">\n<figure class=\"wp-block-image size-full\"><img loading=\"lazy\" decoding=\"async\" width=\"600\" height=\"337\" src=\"https:\/\/cairngold.de\/wp-content\/uploads\/2021\/10\/36401659.jpg\" alt=\"\" class=\"wp-image-128\" srcset=\"https:\/\/cairngold.de\/wp-content\/uploads\/2021\/10\/36401659.jpg 600w, https:\/\/cairngold.de\/wp-content\/uploads\/2021\/10\/36401659-300x169.jpg 300w\" sizes=\"auto, (max-width: 600px) 100vw, 600px\" \/><\/figure>\n<\/div>\n<\/div>\n\n\n\n<h4 class=\"wp-block-heading\">7) H\u00fcndin pink &#8222;Arden Alice&#8220;<\/h4>\n\n\n\n<p>Gesundheit: C1\/C2 ED0\/0<\/p>\n\n\n\n<p>Besitzer: Dirk Martin<\/p>\n\n\n\n<figure class=\"wp-block-image size-full\"><img loading=\"lazy\" decoding=\"async\" width=\"600\" height=\"337\" src=\"https:\/\/cairngold.de\/wp-content\/uploads\/2021\/10\/36401598.jpg\" alt=\"\" class=\"wp-image-131\" srcset=\"https:\/\/cairngold.de\/wp-content\/uploads\/2021\/10\/36401598.jpg 600w, https:\/\/cairngold.de\/wp-content\/uploads\/2021\/10\/36401598-300x169.jpg 300w\" sizes=\"auto, (max-width: 600px) 100vw, 600px\" \/><\/figure>\n","protected":false},"excerpt":{"rendered":"<p>2 R\u00fcden und 5 H\u00fcndinnen Bonniebrooks Cairn Shania (26. Mai 2010) Echobrook Dexster (19. August 2009) 1) R\u00fcde blau &#8222;Applecross Riley&#8220; Gesundheit: B2\/B2 ED &hellip; <a href=\"https:\/\/cairngold.de\/index.php\/a-wurf\/\" class=\"readmore\">More <span class=\"screen-reader-text\">A-Wurf<\/span> &raquo;<\/a><\/p>\n","protected":false},"author":1,"featured_media":0,"parent":0,"menu_order":0,"comment_status":"closed","ping_status":"closed","template":"","meta":{"footnotes":""},"class_list":["post-133","page","type-page","status-publish","hentry"],"_links":{"self":[{"href":"https:\/\/cairngold.de\/index.php\/wp-json\/wp\/v2\/pages\/133","targetHints":{"allow":["GET"]}}],"collection":[{"href":"https:\/\/cairngold.de\/index.php\/wp-json\/wp\/v2\/pages"}],"about":[{"href":"https:\/\/cairngold.de\/index.php\/wp-json\/wp\/v2\/types\/page"}],"author":[{"embeddable":true,"href":"https:\/\/cairngold.de\/index.php\/wp-json\/wp\/v2\/users\/1"}],"replies":[{"embeddable":true,"href":"https:\/\/cairngold.de\/index.php\/wp-json\/wp\/v2\/comments?post=133"}],"version-history":[{"count":2,"href":"https:\/\/cairngold.de\/index.php\/wp-json\/wp\/v2\/pages\/133\/revisions"}],"predecessor-version":[{"id":733,"href":"https:\/\/cairngold.de\/index.php\/wp-json\/wp\/v2\/pages\/133\/revisions\/733"}],"wp:attachment":[{"href":"https:\/\/cairngold.de\/index.php\/wp-json\/wp\/v2\/media?parent=133"}],"curies":[{"name":"wp","href":"https:\/\/api.w.org\/{rel}","templated":true}]}}