{"id":452,"date":"2021-11-01T13:06:32","date_gmt":"2021-11-01T12:06:32","guid":{"rendered":"https:\/\/cairngold.de\/?page_id=452"},"modified":"2021-11-02T19:29:55","modified_gmt":"2021-11-02T18:29:55","slug":"2020-2","status":"publish","type":"page","link":"https:\/\/cairngold.de\/index.php\/2020-2\/","title":{"rendered":"2020"},"content":{"rendered":"\t\t<div data-elementor-type=\"wp-page\" data-elementor-id=\"452\" class=\"elementor elementor-452\" data-elementor-settings=\"[]\">\n\t\t\t\t\t\t\t<div class=\"elementor-section-wrap\">\n\t\t\t\t\t\t\t<section class=\"elementor-section elementor-top-section elementor-element elementor-element-6e53d40 elementor-section-boxed elementor-section-height-default elementor-section-height-default\" data-id=\"6e53d40\" data-element_type=\"section\">\n\t\t\t\t\t\t<div class=\"elementor-container elementor-column-gap-default\">\n\t\t\t\t\t<div class=\"elementor-column elementor-col-100 elementor-top-column elementor-element elementor-element-395c9ea\" data-id=\"395c9ea\" data-element_type=\"column\">\n\t\t\t<div class=\"elementor-widget-wrap elementor-element-populated\">\n\t\t\t\t\t\t\t\t<div class=\"elementor-element elementor-element-d389210 elementor-widget elementor-widget-text-editor\" data-id=\"d389210\" data-element_type=\"widget\" data-widget_type=\"text-editor.default\">\n\t\t\t\t<div class=\"elementor-widget-container\">\n\t\t\t\t\t\t\t<h4>Dezember<br \/>03. Dezember 2020 : D-Wurf 7 Wochen alt<\/h4><p>Weitere Fotos findet Ihr unter Galerie<\/p>\t\t\t\t\t\t<\/div>\n\t\t\t\t<\/div>\n\t\t\t\t\t<\/div>\n\t\t<\/div>\n\t\t\t\t\t\t\t<\/div>\n\t\t<\/section>\n\t\t\t\t<section class=\"elementor-section elementor-top-section elementor-element elementor-element-d8eae20 elementor-section-boxed elementor-section-height-default elementor-section-height-default\" data-id=\"d8eae20\" data-element_type=\"section\">\n\t\t\t\t\t\t<div class=\"elementor-container elementor-column-gap-default\">\n\t\t\t\t\t<div class=\"elementor-column elementor-col-50 elementor-top-column elementor-element elementor-element-6d9ae2e\" data-id=\"6d9ae2e\" data-element_type=\"column\">\n\t\t\t<div class=\"elementor-widget-wrap elementor-element-populated\">\n\t\t\t\t\t\t\t\t<div class=\"elementor-element elementor-element-25676bf elementor-widget elementor-widget-image\" data-id=\"25676bf\" data-element_type=\"widget\" data-widget_type=\"image.default\">\n\t\t\t\t<div class=\"elementor-widget-container\">\n\t\t\t\t\t\t\t\t\t\t\t\t\t\t\t<img loading=\"lazy\" decoding=\"async\" width=\"600\" height=\"400\" src=\"https:\/\/cairngold.de\/wp-content\/uploads\/2021\/11\/56177629.jpg\" class=\"attachment-large size-large\" alt=\"\" srcset=\"https:\/\/cairngold.de\/wp-content\/uploads\/2021\/11\/56177629.jpg 600w, https:\/\/cairngold.de\/wp-content\/uploads\/2021\/11\/56177629-300x200.jpg 300w\" sizes=\"auto, (max-width: 600px) 100vw, 600px\" \/>\t\t\t\t\t\t\t\t\t\t\t\t\t\t\t<\/div>\n\t\t\t\t<\/div>\n\t\t\t\t\t<\/div>\n\t\t<\/div>\n\t\t\t\t<div class=\"elementor-column elementor-col-50 elementor-top-column elementor-element elementor-element-b261dc0\" data-id=\"b261dc0\" data-element_type=\"column\">\n\t\t\t<div class=\"elementor-widget-wrap elementor-element-populated\">\n\t\t\t\t\t\t\t\t<div class=\"elementor-element elementor-element-948f72e elementor-widget elementor-widget-image\" data-id=\"948f72e\" data-element_type=\"widget\" data-widget_type=\"image.default\">\n\t\t\t\t<div class=\"elementor-widget-container\">\n\t\t\t\t\t\t\t\t\t\t\t\t<figure class=\"wp-caption\">\n\t\t\t\t\t\t\t\t\t\t<img loading=\"lazy\" decoding=\"async\" width=\"600\" height=\"400\" src=\"https:\/\/cairngold.de\/wp-content\/uploads\/2021\/11\/56174124.jpg\" class=\"attachment-large size-large\" alt=\"\" srcset=\"https:\/\/cairngold.de\/wp-content\/uploads\/2021\/11\/56174124.jpg 600w, https:\/\/cairngold.de\/wp-content\/uploads\/2021\/11\/56174124-300x200.jpg 300w\" sizes=\"auto, (max-width: 600px) 100vw, 600px\" \/>\t\t\t\t\t\t\t\t\t\t\t<figcaption class=\"widget-image-caption wp-caption-text\">Oma Shania ahnt wohl schon, dass Jolene bleibt.<\/figcaption>\n\t\t\t\t\t\t\t\t\t\t<\/figure>\n\t\t\t\t\t\t\t\t\t<\/div>\n\t\t\t\t<\/div>\n\t\t\t\t\t<\/div>\n\t\t<\/div>\n\t\t\t\t\t\t\t<\/div>\n\t\t<\/section>\n\t\t\t\t<section class=\"elementor-section elementor-top-section elementor-element elementor-element-860906c elementor-section-boxed elementor-section-height-default elementor-section-height-default\" data-id=\"860906c\" data-element_type=\"section\">\n\t\t\t\t\t\t<div class=\"elementor-container elementor-column-gap-default\">\n\t\t\t\t\t<div class=\"elementor-column elementor-col-100 elementor-top-column elementor-element elementor-element-e080e62\" data-id=\"e080e62\" data-element_type=\"column\">\n\t\t\t<div class=\"elementor-widget-wrap elementor-element-populated\">\n\t\t\t\t\t\t\t\t<div class=\"elementor-element elementor-element-f8dd293 elementor-widget elementor-widget-text-editor\" data-id=\"f8dd293\" data-element_type=\"widget\" data-widget_type=\"text-editor.default\">\n\t\t\t\t<div class=\"elementor-widget-container\">\n\t\t\t\t\t\t\t<h4>November<\/h4><p><b>18.November 2020 : Cairngold\u00b4s D-Wurf 5 Wochen alt<br \/><\/b><b>Weitere Fotos findet Ihr unter Zucht D-Wurf<\/b><\/p>\t\t\t\t\t\t<\/div>\n\t\t\t\t<\/div>\n\t\t\t\t<div class=\"elementor-element elementor-element-61f1ecf elementor-widget elementor-widget-image\" data-id=\"61f1ecf\" data-element_type=\"widget\" data-widget_type=\"image.default\">\n\t\t\t\t<div class=\"elementor-widget-container\">\n\t\t\t\t\t\t\t\t\t\t\t\t\t\t\t<img loading=\"lazy\" decoding=\"async\" width=\"600\" height=\"399\" src=\"https:\/\/cairngold.de\/wp-content\/uploads\/2021\/11\/56115489.jpg\" class=\"attachment-large size-large\" alt=\"\" srcset=\"https:\/\/cairngold.de\/wp-content\/uploads\/2021\/11\/56115489.jpg 600w, https:\/\/cairngold.de\/wp-content\/uploads\/2021\/11\/56115489-300x200.jpg 300w\" sizes=\"auto, (max-width: 600px) 100vw, 600px\" \/>\t\t\t\t\t\t\t\t\t\t\t\t\t\t\t<\/div>\n\t\t\t\t<\/div>\n\t\t\t\t<div class=\"elementor-element elementor-element-9f677ac elementor-widget elementor-widget-text-editor\" data-id=\"9f677ac\" data-element_type=\"widget\" data-widget_type=\"text-editor.default\">\n\t\t\t\t<div class=\"elementor-widget-container\">\n\t\t\t\t\t\t\t<p><b>12.November 2020 : Cairngold\u00b4s D-Wurf 1 Monat alt<\/b><\/p>\t\t\t\t\t\t<\/div>\n\t\t\t\t<\/div>\n\t\t\t\t<div class=\"elementor-element elementor-element-469ff98 elementor-widget elementor-widget-image\" data-id=\"469ff98\" data-element_type=\"widget\" data-widget_type=\"image.default\">\n\t\t\t\t<div class=\"elementor-widget-container\">\n\t\t\t\t\t\t\t\t\t\t\t\t\t\t\t<img loading=\"lazy\" decoding=\"async\" width=\"600\" height=\"400\" src=\"https:\/\/cairngold.de\/wp-content\/uploads\/2021\/11\/56084599.jpg\" class=\"attachment-large size-large\" alt=\"\" srcset=\"https:\/\/cairngold.de\/wp-content\/uploads\/2021\/11\/56084599.jpg 600w, https:\/\/cairngold.de\/wp-content\/uploads\/2021\/11\/56084599-300x200.jpg 300w\" sizes=\"auto, (max-width: 600px) 100vw, 600px\" \/>\t\t\t\t\t\t\t\t\t\t\t\t\t\t\t<\/div>\n\t\t\t\t<\/div>\n\t\t\t\t<div class=\"elementor-element elementor-element-b271c66 elementor-widget elementor-widget-text-editor\" data-id=\"b271c66\" data-element_type=\"widget\" data-widget_type=\"text-editor.default\">\n\t\t\t\t<div class=\"elementor-widget-container\">\n\t\t\t\t\t\t\t<h4>Oktober<\/h4><h4>25. Oktober 2020: Sowohl Cairngold&#8217;s Coldingham Merlin als auch Cairngold&#8217;s Cullen Angus bestehen den Formwert mit einem fantastischen &#8222;Vorz\u00fcglich&#8220;! Herzlichen Gl\u00fcckwunsch!!! \ud83d\ude42<\/h4><h4>17. Oktober 2020: Workingtest &#8222;ab in die Binsen&#8220;<\/h4><p>Marion besteht mit Cairngold&#8217;s Cullen Angus mit einem sehr gut! Herzlichen Gl\u00fcckwunsch Marion und Angus! \ud83d\ude42<\/p><h4>16. Oktober2020 : Cairngold&#8217;s D-Wurf am 3. Tag<\/h4>\t\t\t\t\t\t<\/div>\n\t\t\t\t<\/div>\n\t\t\t\t\t<\/div>\n\t\t<\/div>\n\t\t\t\t\t\t\t<\/div>\n\t\t<\/section>\n\t\t\t\t<section class=\"elementor-section elementor-top-section elementor-element elementor-element-01cd788 elementor-section-boxed elementor-section-height-default elementor-section-height-default\" data-id=\"01cd788\" data-element_type=\"section\">\n\t\t\t\t\t\t<div class=\"elementor-container elementor-column-gap-default\">\n\t\t\t\t\t<div class=\"elementor-column elementor-col-50 elementor-top-column elementor-element elementor-element-99e1405\" data-id=\"99e1405\" data-element_type=\"column\">\n\t\t\t<div class=\"elementor-widget-wrap elementor-element-populated\">\n\t\t\t\t\t\t\t\t<div class=\"elementor-element elementor-element-0516d5c elementor-widget elementor-widget-image\" data-id=\"0516d5c\" data-element_type=\"widget\" data-widget_type=\"image.default\">\n\t\t\t\t<div class=\"elementor-widget-container\">\n\t\t\t\t\t\t\t\t\t\t\t\t\t\t\t<img loading=\"lazy\" decoding=\"async\" width=\"600\" height=\"399\" src=\"https:\/\/cairngold.de\/wp-content\/uploads\/2021\/11\/55970034.jpg\" class=\"attachment-large size-large\" alt=\"\" srcset=\"https:\/\/cairngold.de\/wp-content\/uploads\/2021\/11\/55970034.jpg 600w, https:\/\/cairngold.de\/wp-content\/uploads\/2021\/11\/55970034-300x200.jpg 300w\" sizes=\"auto, (max-width: 600px) 100vw, 600px\" \/>\t\t\t\t\t\t\t\t\t\t\t\t\t\t\t<\/div>\n\t\t\t\t<\/div>\n\t\t\t\t\t<\/div>\n\t\t<\/div>\n\t\t\t\t<div class=\"elementor-column elementor-col-50 elementor-top-column elementor-element elementor-element-7e8fcfc\" data-id=\"7e8fcfc\" data-element_type=\"column\">\n\t\t\t<div class=\"elementor-widget-wrap elementor-element-populated\">\n\t\t\t\t\t\t\t\t<div class=\"elementor-element elementor-element-eed0aa1 elementor-widget elementor-widget-image\" data-id=\"eed0aa1\" data-element_type=\"widget\" data-widget_type=\"image.default\">\n\t\t\t\t<div class=\"elementor-widget-container\">\n\t\t\t\t\t\t\t\t\t\t\t\t\t\t\t<img loading=\"lazy\" decoding=\"async\" width=\"600\" height=\"400\" src=\"https:\/\/cairngold.de\/wp-content\/uploads\/2021\/11\/55970049.jpg\" class=\"attachment-large size-large\" alt=\"\" srcset=\"https:\/\/cairngold.de\/wp-content\/uploads\/2021\/11\/55970049.jpg 600w, https:\/\/cairngold.de\/wp-content\/uploads\/2021\/11\/55970049-300x200.jpg 300w\" sizes=\"auto, (max-width: 600px) 100vw, 600px\" \/>\t\t\t\t\t\t\t\t\t\t\t\t\t\t\t<\/div>\n\t\t\t\t<\/div>\n\t\t\t\t\t<\/div>\n\t\t<\/div>\n\t\t\t\t\t\t\t<\/div>\n\t\t<\/section>\n\t\t\t\t<section class=\"elementor-section elementor-top-section elementor-element elementor-element-ead00f8 elementor-section-boxed elementor-section-height-default elementor-section-height-default\" data-id=\"ead00f8\" data-element_type=\"section\">\n\t\t\t\t\t\t<div class=\"elementor-container elementor-column-gap-default\">\n\t\t\t\t\t<div class=\"elementor-column elementor-col-100 elementor-top-column elementor-element elementor-element-1c666e8\" data-id=\"1c666e8\" data-element_type=\"column\">\n\t\t\t<div class=\"elementor-widget-wrap elementor-element-populated\">\n\t\t\t\t\t\t\t\t<div class=\"elementor-element elementor-element-23f689a elementor-widget elementor-widget-text-editor\" data-id=\"23f689a\" data-element_type=\"widget\" data-widget_type=\"text-editor.default\">\n\t\t\t\t<div class=\"elementor-widget-container\">\n\t\t\t\t\t\t\t<h4>13. Oktober 2020: Cairngold&#8217;s D-Wurf ist geboren!<\/h4><p>Fay hat 5 R\u00fcden und 4 H\u00fcndinnen zur Welt gebracht! Die Geburt war nicht einfach, aber GsD hat alles auf nat\u00fcrlichem Weg geklappt! Nun, \u00a02 Tage sp\u00e4ter hat Fay sich auch schon etwas erholt. Sie k\u00fcmmert sich den ganzen Tag und die ganze Nacht voller Hingabe um ihre Kleinen! Mutter durch und durch! \ud83d\ude42<\/p>\t\t\t\t\t\t<\/div>\n\t\t\t\t<\/div>\n\t\t\t\t<div class=\"elementor-element elementor-element-59a402c elementor-widget elementor-widget-image\" data-id=\"59a402c\" data-element_type=\"widget\" data-widget_type=\"image.default\">\n\t\t\t\t<div class=\"elementor-widget-container\">\n\t\t\t\t\t\t\t\t\t\t\t\t\t\t\t<img loading=\"lazy\" decoding=\"async\" width=\"600\" height=\"450\" src=\"https:\/\/cairngold.de\/wp-content\/uploads\/2021\/11\/55963854.jpg\" class=\"attachment-large size-large\" alt=\"\" srcset=\"https:\/\/cairngold.de\/wp-content\/uploads\/2021\/11\/55963854.jpg 600w, https:\/\/cairngold.de\/wp-content\/uploads\/2021\/11\/55963854-300x225.jpg 300w, https:\/\/cairngold.de\/wp-content\/uploads\/2021\/11\/55963854-400x300.jpg 400w\" sizes=\"auto, (max-width: 600px) 100vw, 600px\" \/>\t\t\t\t\t\t\t\t\t\t\t\t\t\t\t<\/div>\n\t\t\t\t<\/div>\n\t\t\t\t<div class=\"elementor-element elementor-element-5a0460a elementor-widget elementor-widget-text-editor\" data-id=\"5a0460a\" data-element_type=\"widget\" data-widget_type=\"text-editor.default\">\n\t\t\t\t<div class=\"elementor-widget-container\">\n\t\t\t\t\t\t\t<h4>03. Oktober 2020: Cairngold&#8217;s Callander Finlay besteht die Dummy A mit gut! Herzlichen Gl\u00fcckwunsch euch Beiden! \ud83d\ude42<\/h4><h3>September<\/h3><h4>13. September 2020: Merlin besteht seinen 2. Workingtest &#8222;Marmor Cup&#8220; mit einem vorz\u00fcglichen 4.Platz!<\/h4><p>Herzlichen Gl\u00fcckwunsch zu diesem gro\u00dfartigen Ergebnis!<\/p><h4>07. Septemer 2020: Ja!!! Der heutige Ultraschall hat best\u00e4tigt dass Fay tr\u00e4chtig ist!<\/h4><p>Wir freuen uns auf Cairngold&#8217;s D-Wurf! \ud83d\ude42<\/p><h4>06. September 2020 Elwetrische Workingtest\u00a0<\/h4><p>Cairngold&#8217;s Coldingham Merlin besteht seinen 1. Workingtest mit sehr gut! Herzlichen Gl\u00fcckwunsch J\u00fcrgen und Merlin! \ud83d\ude42<\/p><h3><br \/>August<\/h3><h4>15. August 2020: Cairngold&#8217;s Castle of Mey und Cairngold&#8217;s Cove Madoc bestehen die &#8222;Corona&#8220; JAS\/R\u00a0<\/h4><p>Herzlichen Gl\u00fcckwunsch an Helmut mit Mey und an Andreas mit Madoc!!!<\/p><h4>11. August 2020: Fay wurde heute problemlos von Jolly gedeckt!<\/h4><p>Wir hoffen, nun Cairngold&#8217;s D-Wurf auf den Weg gebracht zu haben. Daumen d\u00fcrfen gedr\u00fcckt werden! \ud83d\ude09<\/p><h3>Juli<\/h3><h4>28. Juli 2020: Fay ist seit heute l\u00e4ufig &#8211; nun beginnt eine spannende Zeit \ud83d\ude42<\/h4><h4>26. Juli 2020: Cairngold&#8217;s Cadderlie Wicket besteht die Dummy-A Pr\u00fcfung &#8222;sehr gut&#8220;<\/h4><p>Herzlichen Gl\u00fcckwunsch an Walter und Wicket! \ud83d\ude42<\/p><h4>04. Juli 2020: Marion hat mit Angus die Dummy A Pr\u00fcfung nochmals gemacht und diese mit sehr gut bestanden. Herzlichen Gl\u00fcckwunsch euch Beiden!<\/h4><h3>Juni<\/h3><h4>30. Juni 2020: Cairngold&#8217;s Cullen Angus besteht die Dummy-A Pr\u00fcfung<\/h4><p>Herzlichen Gl\u00fcckwunsch an Marion und Angus! \ud83d\ude42<\/p><h3>Mai<\/h3><h4>26. Mai 2020: Shania feiert Ihren 10. Geburtstag<\/h4><p>Mein Shania Schatz wird heute 10 Jahre alt, 10 Jahre die mein Leben positiv ver\u00e4nderten und mir nicht nur einen wunderbaren Herzhund schenkten sondern zudem das sch\u00f6nste Hobby der Welt. Dummyarbeit, Training mit gleichgesinnten, Trainingsferien &#8211; und das Highlight, meine Shania hat mir in zwei W\u00fcrfen 13 Welpen zur Welt gebracht und somit auch meiner geliebten Fay das Leben geschenkt. Ich w\u00fcnsche mir noch viele gemeinsame Jahre mit meiner lieben Shania!<\/p>\t\t\t\t\t\t<\/div>\n\t\t\t\t<\/div>\n\t\t\t\t<div class=\"elementor-element elementor-element-ab9e5df elementor-widget elementor-widget-image\" data-id=\"ab9e5df\" data-element_type=\"widget\" data-widget_type=\"image.default\">\n\t\t\t\t<div class=\"elementor-widget-container\">\n\t\t\t\t\t\t\t\t\t\t\t\t\t\t\t<img loading=\"lazy\" decoding=\"async\" width=\"600\" height=\"400\" src=\"https:\/\/cairngold.de\/wp-content\/uploads\/2021\/09\/35379467.png\" class=\"attachment-large size-large\" alt=\"\" srcset=\"https:\/\/cairngold.de\/wp-content\/uploads\/2021\/09\/35379467.png 600w, https:\/\/cairngold.de\/wp-content\/uploads\/2021\/09\/35379467-300x200.png 300w\" sizes=\"auto, (max-width: 600px) 100vw, 600px\" \/>\t\t\t\t\t\t\t\t\t\t\t\t\t\t\t<\/div>\n\t\t\t\t<\/div>\n\t\t\t\t<div class=\"elementor-element elementor-element-f93630c elementor-widget elementor-widget-text-editor\" data-id=\"f93630c\" data-element_type=\"widget\" data-widget_type=\"text-editor.default\">\n\t\t\t\t<div class=\"elementor-widget-container\">\n\t\t\t\t\t\t\t<h3>M\u00e4rz<\/h3><h4>07. \/08. M\u00e4rz 2020: Spessart Cup<\/h4><p>Am 07. M\u00e4rz startete ich mir Fay beim Spessart Cup und wir holten unsere erste Null in der Open! Wie sehr vielen anderen Teilnehmern bekam ich meine Fay bei Starkstr\u00f6mung nicht \u00fcbers Wasser gehandelt &#8211; zu dieser Jahreszeit fehlte uns auch ein entsprechendes Wassertraining.<\/p><p>Am 08. M\u00e4rz durften wir im Team antreten und wir k\u00e4mpften uns ohne Null durch &#8211; auch hier war wieder die Starkstr\u00f6mung eine Herausforderung f\u00fcr uns. Hier sage ich vielen Dank an mein Team &#8211; es war sch\u00f6n mit euch zu starten!<\/p><h4>06. M\u00e4rz 2020: Cairngold&#8217;s Coldingham Merlin besteht die Dummy A &#8222;vorz\u00fcglich&#8220;.<\/h4><p>Herzlichen Gl\u00fcckwunsch an J\u00fcrgen und Merlin!<\/p><h4>02. M\u00e4rz 2020: Cairngold&#8217;s A-Wurf wird 5 Jahre alt<\/h4><p>Herzlichen Gl\u00fcckwunsch zum 5. Geburtstag an Booker, Riley, Alice, Hermine, Cailin, Tay und Fay!<\/p><p>Stellvertretend ein Foto von meiner Fay \ud83d\ude42<\/p><p>\u00a0<\/p>\t\t\t\t\t\t<\/div>\n\t\t\t\t<\/div>\n\t\t\t\t<div class=\"elementor-element elementor-element-3d973f8 elementor-widget elementor-widget-image\" data-id=\"3d973f8\" data-element_type=\"widget\" data-widget_type=\"image.default\">\n\t\t\t\t<div class=\"elementor-widget-container\">\n\t\t\t\t\t\t\t\t\t\t\t\t\t\t\t<img loading=\"lazy\" decoding=\"async\" width=\"600\" height=\"400\" src=\"https:\/\/cairngold.de\/wp-content\/uploads\/2021\/11\/55119744.jpg\" class=\"attachment-large size-large\" alt=\"\" srcset=\"https:\/\/cairngold.de\/wp-content\/uploads\/2021\/11\/55119744.jpg 600w, https:\/\/cairngold.de\/wp-content\/uploads\/2021\/11\/55119744-300x200.jpg 300w\" sizes=\"auto, (max-width: 600px) 100vw, 600px\" \/>\t\t\t\t\t\t\t\t\t\t\t\t\t\t\t<\/div>\n\t\t\t\t<\/div>\n\t\t\t\t<div class=\"elementor-element elementor-element-766a0f7 elementor-widget elementor-widget-text-editor\" data-id=\"766a0f7\" data-element_type=\"widget\" data-widget_type=\"text-editor.default\">\n\t\t\t\t<div class=\"elementor-widget-container\">\n\t\t\t\t\t\t\t<h3>Januar<\/h3><h4>04. Januar 2020: Cairngold&#8217;s C-Wurf feiert seinen 1. Geburtstag<\/h4><p>Happy Birthday an Merlin, Finlay, Connor, Madoc, Wicket, Angus, Caillen und Mey!<\/p><p>In den letzten 10 Monaten habt ihr bei euren Besitzern einen ganz festen Platz in ihren Herzen eingenommen. Meinen Platz im Herzen habt ihr in den ersten 8 Wochen erobert. Es war eine wundersch\u00f6ne Welpenzeit mit euch!<\/p>\t\t\t\t\t\t<\/div>\n\t\t\t\t<\/div>\n\t\t\t\t<div class=\"elementor-element elementor-element-e842b92 elementor-widget elementor-widget-image\" data-id=\"e842b92\" data-element_type=\"widget\" data-widget_type=\"image.default\">\n\t\t\t\t<div class=\"elementor-widget-container\">\n\t\t\t\t\t\t\t\t\t\t\t\t\t\t\t<img loading=\"lazy\" decoding=\"async\" width=\"337\" height=\"450\" src=\"https:\/\/cairngold.de\/wp-content\/uploads\/2021\/11\/54295713.jpg\" class=\"attachment-large size-large\" alt=\"\" srcset=\"https:\/\/cairngold.de\/wp-content\/uploads\/2021\/11\/54295713.jpg 337w, https:\/\/cairngold.de\/wp-content\/uploads\/2021\/11\/54295713-225x300.jpg 225w\" sizes=\"auto, (max-width: 337px) 100vw, 337px\" \/>\t\t\t\t\t\t\t\t\t\t\t\t\t\t\t<\/div>\n\t\t\t\t<\/div>\n\t\t\t\t\t<\/div>\n\t\t<\/div>\n\t\t\t\t\t\t\t<\/div>\n\t\t<\/section>\n\t\t\t\t\t\t<\/div>\n\t\t\t\t\t<\/div>\n\t\t","protected":false},"excerpt":{"rendered":"<p>Dezember 03. Dezember 2020 : D-Wurf 7 Wochen alt Weitere Fotos findet Ihr unter Galerie Oma Shania ahnt wohl schon, dass Jolene bleibt. November &hellip; <a href=\"https:\/\/cairngold.de\/index.php\/2020-2\/\" class=\"readmore\">More <span class=\"screen-reader-text\">2020<\/span> &raquo;<\/a><\/p>\n","protected":false},"author":1,"featured_media":0,"parent":0,"menu_order":0,"comment_status":"closed","ping_status":"closed","template":"elementor_header_footer","meta":{"footnotes":""},"class_list":["post-452","page","type-page","status-publish","hentry"],"_links":{"self":[{"href":"https:\/\/cairngold.de\/index.php\/wp-json\/wp\/v2\/pages\/452","targetHints":{"allow":["GET"]}}],"collection":[{"href":"https:\/\/cairngold.de\/index.php\/wp-json\/wp\/v2\/pages"}],"about":[{"href":"https:\/\/cairngold.de\/index.php\/wp-json\/wp\/v2\/types\/page"}],"author":[{"embeddable":true,"href":"https:\/\/cairngold.de\/index.php\/wp-json\/wp\/v2\/users\/1"}],"replies":[{"embeddable":true,"href":"https:\/\/cairngold.de\/index.php\/wp-json\/wp\/v2\/comments?post=452"}],"version-history":[{"count":18,"href":"https:\/\/cairngold.de\/index.php\/wp-json\/wp\/v2\/pages\/452\/revisions"}],"predecessor-version":[{"id":828,"href":"https:\/\/cairngold.de\/index.php\/wp-json\/wp\/v2\/pages\/452\/revisions\/828"}],"wp:attachment":[{"href":"https:\/\/cairngold.de\/index.php\/wp-json\/wp\/v2\/media?parent=452"}],"curies":[{"name":"wp","href":"https:\/\/api.w.org\/{rel}","templated":true}]}}