{"id":727,"date":"2021-11-02T14:06:10","date_gmt":"2021-11-02T13:06:10","guid":{"rendered":"https:\/\/cairngold.de\/?page_id=727"},"modified":"2021-11-02T14:15:40","modified_gmt":"2021-11-02T13:15:40","slug":"shania","status":"publish","type":"page","link":"https:\/\/cairngold.de\/index.php\/shania\/","title":{"rendered":"Shania"},"content":{"rendered":"\t\t<div data-elementor-type=\"wp-page\" data-elementor-id=\"727\" class=\"elementor elementor-727\" data-elementor-settings=\"[]\">\n\t\t\t\t\t\t\t<div class=\"elementor-section-wrap\">\n\t\t\t\t\t\t\t<section class=\"elementor-section elementor-top-section elementor-element elementor-element-b49207d elementor-section-boxed elementor-section-height-default elementor-section-height-default\" data-id=\"b49207d\" data-element_type=\"section\">\n\t\t\t\t\t\t<div class=\"elementor-container elementor-column-gap-default\">\n\t\t\t\t\t<div class=\"elementor-column elementor-col-100 elementor-top-column elementor-element elementor-element-9ace302\" data-id=\"9ace302\" data-element_type=\"column\">\n\t\t\t<div class=\"elementor-widget-wrap elementor-element-populated\">\n\t\t\t\t\t\t\t\t<div class=\"elementor-element elementor-element-95f76b7 elementor-widget elementor-widget-text-editor\" data-id=\"95f76b7\" data-element_type=\"widget\" data-widget_type=\"text-editor.default\">\n\t\t\t\t<div class=\"elementor-widget-container\">\n\t\t\t\t\t\t\t<h2>Shania<\/h2><p id=\"u642-5\">Bei Shania l\u00e4uft alles anders als bei meiner ersten H\u00fcndin Feline. Dank meiner lieben Z\u00fcchterin Monika Schoenbach handelt es sich bei Shania nicht um einen reinen Familienhund. Die Dummyarbeit und sp\u00e4ter zus\u00e4tzlich Agility f\u00fcllen unsere Freizeit aus. Mit regelm\u00e4\u00dfigem Training, Seminaren und Pr\u00fcfungen entwickeln wir uns stetig weiter.<\/p>\t\t\t\t\t\t<\/div>\n\t\t\t\t<\/div>\n\t\t\t\t<div class=\"elementor-element elementor-element-b509977 elementor-widget elementor-widget-image\" data-id=\"b509977\" data-element_type=\"widget\" data-widget_type=\"image.default\">\n\t\t\t\t<div class=\"elementor-widget-container\">\n\t\t\t\t\t\t\t\t\t\t\t\t\t\t\t<img loading=\"lazy\" decoding=\"async\" width=\"600\" height=\"400\" src=\"https:\/\/cairngold.de\/wp-content\/uploads\/2021\/11\/34808989.jpg\" class=\"attachment-large size-large\" alt=\"\" srcset=\"https:\/\/cairngold.de\/wp-content\/uploads\/2021\/11\/34808989.jpg 600w, https:\/\/cairngold.de\/wp-content\/uploads\/2021\/11\/34808989-300x200.jpg 300w\" sizes=\"auto, (max-width: 600px) 100vw, 600px\" \/>\t\t\t\t\t\t\t\t\t\t\t\t\t\t\t<\/div>\n\t\t\t\t<\/div>\n\t\t\t\t<div class=\"elementor-element elementor-element-5f4cff0 elementor-widget elementor-widget-image\" data-id=\"5f4cff0\" data-element_type=\"widget\" data-widget_type=\"image.default\">\n\t\t\t\t<div class=\"elementor-widget-container\">\n\t\t\t\t\t\t\t\t\t\t\t\t\t\t\t<img loading=\"lazy\" decoding=\"async\" width=\"300\" height=\"200\" src=\"https:\/\/cairngold.de\/wp-content\/uploads\/2021\/10\/big_33471144_0_300-200.jpg\" class=\"attachment-large size-large\" alt=\"\" \/>\t\t\t\t\t\t\t\t\t\t\t\t\t\t\t<\/div>\n\t\t\t\t<\/div>\n\t\t\t\t<div class=\"elementor-element elementor-element-dfb5759 elementor-widget elementor-widget-text-editor\" data-id=\"dfb5759\" data-element_type=\"widget\" data-widget_type=\"text-editor.default\">\n\t\t\t\t<div class=\"elementor-widget-container\">\n\t\t\t\t\t\t\t<p id=\"u642-11\">\u00a0Bonniebrook\u2019s Cairn Shania (H) 26.05.2010 aus jagdlicher Leistungszucht<br \/>Gesundheit: HD: A2\/B2, ED: 0\/0, Z.S.: ohne Befund<br \/>Augen: frei (02.13), prcd-PRA: clear<br \/>Pr\u00fcfungen: Wesenstest, BHP A+B, APD\/A, div. Workingtests A, F, O Agility: A1, A2<br \/>Formwert: sehr gut, ZZL: 22.02.2013<\/p><p id=\"u642-28\"><strong>Wesenstest:<\/strong><\/p><p id=\"u642-30\">Shania ist temperamentvoll, bewegungsfreudig und spielfreudig. Sie ist unerschrocken, hat sehr gro\u00dfe Ausdauer und Aufmerksamkeit. Ihr Beute-Trage- und Zutrageverhalten ist in sehr hohem Ma\u00df zu sehen. Die Bindung an Ihre Besitzerin ist sehr gut und vertrauensvoll.<\/p><p id=\"u642-32\">Die H\u00fcndin hat gro\u00dfe Unterordnungsbereitschaft. Menschen gegen\u00fcber ist sie zutraulich und sicher. In einengenden Situationen ordnet sie sich unter. Den Parcours mit den optischen und akustischen Reizen schaut sie sich zusammen mit Ihrer Besitzerin an. Beim Schuss sicher, aufmerksam, sucht nach Beute. Eine freundliche aktive H\u00fcndin.<\/p><p>Richter: Brigitte Weber<\/p>\t\t\t\t\t\t<\/div>\n\t\t\t\t<\/div>\n\t\t\t\t\t<\/div>\n\t\t<\/div>\n\t\t\t\t\t\t\t<\/div>\n\t\t<\/section>\n\t\t\t\t\t\t<\/div>\n\t\t\t\t\t<\/div>\n\t\t","protected":false},"excerpt":{"rendered":"<p>Shania Bei Shania l\u00e4uft alles anders als bei meiner ersten H\u00fcndin Feline. Dank meiner lieben Z\u00fcchterin Monika Schoenbach handelt es sich bei Shania nicht &hellip; <a href=\"https:\/\/cairngold.de\/index.php\/shania\/\" class=\"readmore\">More <span class=\"screen-reader-text\">Shania<\/span> &raquo;<\/a><\/p>\n","protected":false},"author":1,"featured_media":0,"parent":0,"menu_order":0,"comment_status":"closed","ping_status":"closed","template":"elementor_header_footer","meta":{"footnotes":""},"class_list":["post-727","page","type-page","status-publish","hentry"],"_links":{"self":[{"href":"https:\/\/cairngold.de\/index.php\/wp-json\/wp\/v2\/pages\/727","targetHints":{"allow":["GET"]}}],"collection":[{"href":"https:\/\/cairngold.de\/index.php\/wp-json\/wp\/v2\/pages"}],"about":[{"href":"https:\/\/cairngold.de\/index.php\/wp-json\/wp\/v2\/types\/page"}],"author":[{"embeddable":true,"href":"https:\/\/cairngold.de\/index.php\/wp-json\/wp\/v2\/users\/1"}],"replies":[{"embeddable":true,"href":"https:\/\/cairngold.de\/index.php\/wp-json\/wp\/v2\/comments?post=727"}],"version-history":[{"count":4,"href":"https:\/\/cairngold.de\/index.php\/wp-json\/wp\/v2\/pages\/727\/revisions"}],"predecessor-version":[{"id":743,"href":"https:\/\/cairngold.de\/index.php\/wp-json\/wp\/v2\/pages\/727\/revisions\/743"}],"wp:attachment":[{"href":"https:\/\/cairngold.de\/index.php\/wp-json\/wp\/v2\/media?parent=727"}],"curies":[{"name":"wp","href":"https:\/\/api.w.org\/{rel}","templated":true}]}}